{"id":350,"date":"2024-09-18T21:02:27","date_gmt":"2024-09-18T18:02:27","guid":{"rendered":"https:\/\/www.iso-thermal.com\/?page_id=350"},"modified":"2024-09-22T01:26:41","modified_gmt":"2024-09-21T22:26:41","slug":"vizyonumuz","status":"publish","type":"page","link":"https:\/\/isothermal.com.tr\/en\/vizyonumuz\/","title":{"rendered":"Our Vision"},"content":{"rendered":"<div data-elementor-type=\"wp-page\" data-elementor-id=\"350\" class=\"elementor elementor-350\" data-elementor-post-type=\"page\">\n\t\t\t\t\t\t<section class=\"elementor-section elementor-top-section elementor-element elementor-element-9f4ebb8 elementor-section-boxed elementor-section-height-default elementor-section-height-default\" data-id=\"9f4ebb8\" data-element_type=\"section\" data-settings=\"{&quot;background_background&quot;:&quot;classic&quot;}\">\n\t\t\t\t\t\t\t<div class=\"elementor-background-overlay\"><\/div>\n\t\t\t\t\t\t\t<div class=\"elementor-container elementor-column-gap-default\">\n\t\t\t\t\t<div class=\"elementor-column elementor-col-100 elementor-top-column elementor-element elementor-element-27a56355\" data-id=\"27a56355\" data-element_type=\"column\">\n\t\t\t<div class=\"elementor-widget-wrap elementor-element-populated\">\n\t\t\t\t\t\t<div class=\"elementor-element elementor-element-3a50f68b elementor-view-default elementor-invisible elementor-widget elementor-widget-icon\" data-id=\"3a50f68b\" data-element_type=\"widget\" data-settings=\"{&quot;_animation&quot;:&quot;rotateInDownLeft&quot;,&quot;_animation_delay&quot;:400}\" data-widget_type=\"icon.default\">\n\t\t\t\t<div class=\"elementor-widget-container\">\n\t\t\t\t\t\t\t<div class=\"elementor-icon-wrapper\">\n\t\t\t<div class=\"elementor-icon\">\n\t\t\t<svg aria-hidden=\"true\" class=\"e-font-icon-svg e-fas-circle-notch\" viewbox=\"0 0 512 512\" xmlns=\"http:\/\/www.w3.org\/2000\/svg\"><path d=\"M288 39.056v16.659c0 10.804 7.281 20.159 17.686 23.066C383.204 100.434 440 171.518 440 256c0 101.689-82.295 184-184 184-101.689 0-184-82.295-184-184 0-84.47 56.786-155.564 134.312-177.219C216.719 75.874 224 66.517 224 55.712V39.064c0-15.709-14.834-27.153-30.046-23.234C86.603 43.482 7.394 141.206 8.003 257.332c.72 137.052 111.477 246.956 248.531 246.667C393.255 503.711 504 392.788 504 256c0-115.633-79.14-212.779-186.211-240.236C302.678 11.889 288 23.456 288 39.056z\"><\/path><\/svg>\t\t\t<\/div>\n\t\t<\/div>\n\t\t\t\t\t\t<\/div>\n\t\t\t\t<\/div>\n\t\t\t\t\t<\/div>\n\t\t<\/div>\n\t\t\t\t\t<\/div>\n\t\t<\/section>\n\t\t\t\t<section class=\"elementor-section elementor-top-section elementor-element elementor-element-7a7a77c elementor-section-boxed elementor-section-height-default elementor-section-height-default\" data-id=\"7a7a77c\" data-element_type=\"section\">\n\t\t\t\t\t\t<div class=\"elementor-container elementor-column-gap-default\">\n\t\t\t\t\t<div class=\"elementor-column elementor-col-50 elementor-top-column elementor-element elementor-element-23efdefc elementor-invisible\" data-id=\"23efdefc\" data-element_type=\"column\" data-settings=\"{&quot;animation&quot;:&quot;fadeIn&quot;}\">\n\t\t\t<div class=\"elementor-widget-wrap elementor-element-populated\">\n\t\t\t\t\t\t<div class=\"elementor-element elementor-element-54f1ad1 elementor-widget elementor-widget-image\" data-id=\"54f1ad1\" data-element_type=\"widget\" data-widget_type=\"image.default\">\n\t\t\t\t<div class=\"elementor-widget-container\">\n\t\t\t\t\t\t\t\t\t\t\t\t\t\t\t<img fetchpriority=\"high\" decoding=\"async\" width=\"2000\" height=\"2000\" src=\"https:\/\/isothermal.com.tr\/wp-content\/uploads\/ISO-0509.png\" class=\"attachment-full size-full wp-image-379\" alt=\"\" srcset=\"https:\/\/isothermal.com.tr\/wp-content\/uploads\/ISO-0509.png 2000w, https:\/\/isothermal.com.tr\/wp-content\/uploads\/ISO-0509-300x300.png 300w, https:\/\/isothermal.com.tr\/wp-content\/uploads\/ISO-0509-1024x1024.png 1024w, https:\/\/isothermal.com.tr\/wp-content\/uploads\/ISO-0509-150x150.png 150w, https:\/\/isothermal.com.tr\/wp-content\/uploads\/ISO-0509-768x768.png 768w, https:\/\/isothermal.com.tr\/wp-content\/uploads\/ISO-0509-1536x1536.png 1536w\" sizes=\"(max-width: 2000px) 100vw, 2000px\" \/>\t\t\t\t\t\t\t\t\t\t\t\t\t\t\t<\/div>\n\t\t\t\t<\/div>\n\t\t\t\t\t<\/div>\n\t\t<\/div>\n\t\t\t\t<div class=\"elementor-column elementor-col-50 elementor-top-column elementor-element elementor-element-9f018bb elementor-invisible\" data-id=\"9f018bb\" data-element_type=\"column\" data-settings=\"{&quot;animation&quot;:&quot;fadeIn&quot;,&quot;animation_delay&quot;:200}\">\n\t\t\t<div class=\"elementor-widget-wrap elementor-element-populated\">\n\t\t\t\t\t\t<div class=\"elementor-element elementor-element-78fbf097 elementor-widget elementor-widget-heading\" data-id=\"78fbf097\" data-element_type=\"widget\" data-widget_type=\"heading.default\">\n\t\t\t\t<div class=\"elementor-widget-container\">\n\t\t\t\t\t<h5 class=\"elementor-heading-title elementor-size-default\">Our Vision<\/h5>\t\t\t\t<\/div>\n\t\t\t\t<\/div>\n\t\t\t\t<div class=\"elementor-element elementor-element-743f21da elementor-widget elementor-widget-heading\" data-id=\"743f21da\" data-element_type=\"widget\" data-widget_type=\"heading.default\">\n\t\t\t\t<div class=\"elementor-widget-container\">\n\t\t\t\t\t<h2 class=\"elementor-heading-title elementor-size-default\">Leadership in Insulation with Sustainable Solutions<\/h2>\t\t\t\t<\/div>\n\t\t\t\t<\/div>\n\t\t\t\t<div class=\"elementor-element elementor-element-c35586c elementor-widget elementor-widget-text-editor\" data-id=\"c35586c\" data-element_type=\"widget\" data-widget_type=\"text-editor.default\">\n\t\t\t\t<div class=\"elementor-widget-container\">\n\t\t\t\t\t\t\t\t\t<p>As ISO Thermal, we aim to be the leader in the insulation industry by developing environmentally friendly and innovative insulation solutions. With our products that increase energy efficiency by using sustainable technologies, we create more comfortable and ecological living spaces for both individual and commercial buildings. With our continuous research and development activities for the needs of the future, we aim to maximize customer satisfaction while protecting nature. ISO Thermal will continue to be a source of inspiration for a more livable world with its quality and environmentally friendly insulation products.<\/p>\t\t\t\t\t\t\t\t<\/div>\n\t\t\t\t<\/div>\n\t\t\t\t\t<\/div>\n\t\t<\/div>\n\t\t\t\t\t<\/div>\n\t\t<\/section>\n\t\t\t\t<section class=\"elementor-section elementor-top-section elementor-element elementor-element-62f4e79d elementor-reverse-tablet elementor-reverse-mobile elementor-section-boxed elementor-section-height-default elementor-section-height-default\" data-id=\"62f4e79d\" data-element_type=\"section\">\n\t\t\t\t\t\t<div class=\"elementor-container elementor-column-gap-default\">\n\t\t\t\t\t<div class=\"elementor-column elementor-col-50 elementor-top-column elementor-element elementor-element-31465607 elementor-invisible\" data-id=\"31465607\" data-element_type=\"column\" data-settings=\"{&quot;animation&quot;:&quot;fadeIn&quot;}\">\n\t\t\t<div class=\"elementor-widget-wrap elementor-element-populated\">\n\t\t\t\t\t\t<div class=\"elementor-element elementor-element-153eca50 elementor-widget elementor-widget-heading\" data-id=\"153eca50\" data-element_type=\"widget\" data-widget_type=\"heading.default\">\n\t\t\t\t<div class=\"elementor-widget-container\">\n\t\t\t\t\t<h5 class=\"elementor-heading-title elementor-size-default\">Our Mission<\/h5>\t\t\t\t<\/div>\n\t\t\t\t<\/div>\n\t\t\t\t<div class=\"elementor-element elementor-element-6cb0193d elementor-widget elementor-widget-heading\" data-id=\"6cb0193d\" data-element_type=\"widget\" data-widget_type=\"heading.default\">\n\t\t\t\t<div class=\"elementor-widget-container\">\n\t\t\t\t\t<h2 class=\"elementor-heading-title elementor-size-default\">A Mission Aiming for Excellence in Insulation<\/h2>\t\t\t\t<\/div>\n\t\t\t\t<\/div>\n\t\t\t\t<div class=\"elementor-element elementor-element-b579106 elementor-widget elementor-widget-text-editor\" data-id=\"b579106\" data-element_type=\"widget\" data-widget_type=\"text-editor.default\">\n\t\t\t\t<div class=\"elementor-widget-container\">\n\t\t\t\t\t\t\t\t\t<p>As ISO Thermal, we make it our mission to provide our customers with superior quality and sustainable insulation solutions using the most advanced insulation technologies. Our aim is to add comfort and confidence to your living spaces by developing environmentally friendly and durable products that increase energy efficiency. We aim for excellence in the insulation industry by constantly innovating and raising our quality standards to keep customer satisfaction at the highest level. We work with our team of experts to achieve the best results in every project and offer solutions that inspire the buildings of the future.<\/p>\t\t\t\t\t\t\t\t<\/div>\n\t\t\t\t<\/div>\n\t\t\t\t\t<\/div>\n\t\t<\/div>\n\t\t\t\t<div class=\"elementor-column elementor-col-50 elementor-top-column elementor-element elementor-element-21c12d8 elementor-invisible\" data-id=\"21c12d8\" data-element_type=\"column\" data-settings=\"{&quot;animation&quot;:&quot;fadeIn&quot;,&quot;animation_delay&quot;:200}\">\n\t\t\t<div class=\"elementor-widget-wrap elementor-element-populated\">\n\t\t\t\t\t\t<div class=\"elementor-element elementor-element-e75f618 elementor-widget elementor-widget-image\" data-id=\"e75f618\" data-element_type=\"widget\" data-widget_type=\"image.default\">\n\t\t\t\t<div class=\"elementor-widget-container\">\n\t\t\t\t\t\t\t\t\t\t\t\t\t\t\t<img decoding=\"async\" width=\"1500\" height=\"1000\" data-src=\"https:\/\/isothermal.com.tr\/wp-content\/uploads\/DZT-444.png\" class=\"attachment-full size-full wp-image-187 lazyload\" alt=\"\" data-srcset=\"https:\/\/isothermal.com.tr\/wp-content\/uploads\/DZT-444.png 1500w, https:\/\/isothermal.com.tr\/wp-content\/uploads\/DZT-444-300x200.png 300w, https:\/\/isothermal.com.tr\/wp-content\/uploads\/DZT-444-1024x683.png 1024w, https:\/\/isothermal.com.tr\/wp-content\/uploads\/DZT-444-768x512.png 768w\" data-sizes=\"(max-width: 1500px) 100vw, 1500px\" src=\"data:image\/svg+xml;base64,PHN2ZyB3aWR0aD0iMSIgaGVpZ2h0PSIxIiB4bWxucz0iaHR0cDovL3d3dy53My5vcmcvMjAwMC9zdmciPjwvc3ZnPg==\" style=\"--smush-placeholder-width: 1500px; --smush-placeholder-aspect-ratio: 1500\/1000;\" \/>\t\t\t\t\t\t\t\t\t\t\t\t\t\t\t<\/div>\n\t\t\t\t<\/div>\n\t\t\t\t\t<\/div>\n\t\t<\/div>\n\t\t\t\t\t<\/div>\n\t\t<\/section>\n\t\t\t\t<\/div>","protected":false},"excerpt":{"rendered":"<p>Vizyonumuz Vizyonumuz S\u00fcrd\u00fcr\u00fclebilir \u00c7\u00f6z\u00fcmlerle Yal\u0131t\u0131mda Liderlik ISO Thermal olarak, \u00e7evreye duyarl\u0131 ve yenilik\u00e7i yal\u0131t\u0131m \u00e7\u00f6z\u00fcmleri geli\u015ftirerek yal\u0131t\u0131m sekt\u00f6r\u00fcnde lider olmay\u0131 hedefliyoruz. S\u00fcrd\u00fcr\u00fclebilir teknolojiler kullanarak enerji verimlili\u011fini art\u0131ran \u00fcr\u00fcnlerimizle, hem bireysel hem de ticari yap\u0131lar i\u00e7in daha konforlu ve ekolojik ya\u015fam alanlar\u0131 yarat\u0131yoruz. Gelece\u011fin ihtiya\u00e7lar\u0131na y\u00f6nelik s\u00fcrekli ara\u015ft\u0131rma ve geli\u015ftirme faaliyetlerimizle, do\u011fay\u0131 korurken m\u00fc\u015fteri memnuniyetini en [&hellip;]<\/p>","protected":false},"author":1,"featured_media":0,"parent":0,"menu_order":0,"comment_status":"closed","ping_status":"closed","template":"elementor_header_footer","meta":{"footnotes":""},"class_list":["post-350","page","type-page","status-publish","hentry"],"_links":{"self":[{"href":"https:\/\/isothermal.com.tr\/en\/wp-json\/wp\/v2\/pages\/350","targetHints":{"allow":["GET"]}}],"collection":[{"href":"https:\/\/isothermal.com.tr\/en\/wp-json\/wp\/v2\/pages"}],"about":[{"href":"https:\/\/isothermal.com.tr\/en\/wp-json\/wp\/v2\/types\/page"}],"author":[{"embeddable":true,"href":"https:\/\/isothermal.com.tr\/en\/wp-json\/wp\/v2\/users\/1"}],"replies":[{"embeddable":true,"href":"https:\/\/isothermal.com.tr\/en\/wp-json\/wp\/v2\/comments?post=350"}],"version-history":[{"count":0,"href":"https:\/\/isothermal.com.tr\/en\/wp-json\/wp\/v2\/pages\/350\/revisions"}],"wp:attachment":[{"href":"https:\/\/isothermal.com.tr\/en\/wp-json\/wp\/v2\/media?parent=350"}],"curies":[{"name":"wp","href":"https:\/\/api.w.org\/{rel}","templated":true}]}}